{"id":2,"date":"2026-01-21T08:28:11","date_gmt":"2026-01-21T08:28:11","guid":{"rendered":"https:\/\/barkaia.com.rkinformatika.online\/?page_id=2"},"modified":"2026-04-09T08:25:20","modified_gmt":"2026-04-09T08:25:20","slug":"inicio","status":"publish","type":"page","link":"https:\/\/barkaia.com\/en\/","title":{"rendered":"Home"},"content":{"rendered":"<div data-elementor-type=\"wp-page\" data-elementor-id=\"2\" class=\"elementor elementor-2\" data-elementor-post-type=\"page\">\n\t\t\t\t<div class=\"elementor-element elementor-element-418ee5a e-flex e-con-boxed e-con e-parent\" data-id=\"418ee5a\" data-element_type=\"container\" data-e-type=\"container\" data-settings=\"{&quot;background_background&quot;:&quot;classic&quot;,&quot;shape_divider_bottom&quot;:&quot;mountains&quot;}\">\n\t\t\t\t\t<div class=\"e-con-inner\">\n\t\t\t\t<div class=\"elementor-shape elementor-shape-bottom\" aria-hidden=\"true\" data-negative=\"false\">\n\t\t\t<svg xmlns=\"http:\/\/www.w3.org\/2000\/svg\" viewbox=\"0 0 1000 100\" preserveaspectratio=\"none\">\n\t<path class=\"elementor-shape-fill\" opacity=\"0.33\" d=\"M473,67.3c-203.9,88.3-263.1-34-320.3,0C66,119.1,0,59.7,0,59.7V0h1000v59.7 c0,0-62.1,26.1-94.9,29.3c-32.8,3.3-62.8-12.3-75.8-22.1C806,49.6,745.3,8.7,694.9,4.7S492.4,59,473,67.3z\"\/>\n\t<path class=\"elementor-shape-fill\" opacity=\"0.66\" d=\"M734,67.3c-45.5,0-77.2-23.2-129.1-39.1c-28.6-8.7-150.3-10.1-254,39.1 s-91.7-34.4-149.2,0C115.7,118.3,0,39.8,0,39.8V0h1000v36.5c0,0-28.2-18.5-92.1-18.5C810.2,18.1,775.7,67.3,734,67.3z\"\/>\n\t<path class=\"elementor-shape-fill\" d=\"M766.1,28.9c-200-57.5-266,65.5-395.1,19.5C242,1.8,242,5.4,184.8,20.6C128,35.8,132.3,44.9,89.9,52.5C28.6,63.7,0,0,0,0 h1000c0,0-9.9,40.9-83.6,48.1S829.6,47,766.1,28.9z\"\/>\n<\/svg>\t\t<\/div>\n\t\t\t\t<div class=\"elementor-element elementor-element-b3fcd66 elementor-widget elementor-widget-heading\" data-id=\"b3fcd66\" data-element_type=\"widget\" data-e-type=\"widget\" data-widget_type=\"heading.default\">\n\t\t\t\t\t<h1 class=\"elementor-heading-title elementor-size-default\">BAR  KAIA<\/h1>\t\t\t\t<\/div>\n\t\t\t\t\t<\/div>\n\t\t\t\t<\/div>\n\t\t<div class=\"elementor-element elementor-element-5c54c3b e-flex e-con-boxed e-con e-parent\" data-id=\"5c54c3b\" data-element_type=\"container\" data-e-type=\"container\" data-settings=\"{&quot;background_background&quot;:&quot;classic&quot;}\">\n\t\t\t\t\t<div class=\"e-con-inner\">\n\t\t<div class=\"elementor-element elementor-element-47bbd2b e-con-full e-flex e-con e-child\" data-id=\"47bbd2b\" data-element_type=\"container\" data-e-type=\"container\">\n\t\t\t\t<div class=\"elementor-element elementor-element-bfeb0d6 elementor-widget elementor-widget-heading\" data-id=\"bfeb0d6\" data-element_type=\"widget\" data-e-type=\"widget\" data-widget_type=\"heading.default\">\n\t\t\t\t\t<h2 class=\"elementor-heading-title elementor-size-default\">About Us<\/h2>\t\t\t\t<\/div>\n\t\t\t\t<div class=\"elementor-element elementor-element-e493027 elementor-widget elementor-widget-text-editor\" data-id=\"e493027\" data-element_type=\"widget\" data-e-type=\"widget\" data-widget_type=\"text-editor.default\">\n\t\t\t\t\t\t\t\t\t<p data-start=\"167\" data-end=\"473\">Our company was founded approximately 12 years ago with the passion to offer a space where good food and drink can be enjoyed at every moment. For the past two years, we have maintained a clear and consistent approach, refining our offering to ensure that each visit is a unique experience.<\/p><p data-start=\"475\" data-end=\"807\">In our bar you'll find a wide variety of pintxos, toasts with different breads and accompaniments, fresh juices made with seasonal fruits, aromatic coffees, and cocktails perfect for toasting and sharing good times. Everything is designed for you to enjoy fresh flavors and irresistible combinations.<\/p>\t\t\t\t\t\t\t\t<\/div>\n\t\t\t\t<\/div>\n\t\t<div class=\"elementor-element elementor-element-3194485 e-con-full e-flex e-con e-child\" data-id=\"3194485\" data-element_type=\"container\" data-e-type=\"container\">\n\t\t\t\t<div class=\"elementor-element elementor-element-a25c6b7 elementor-widget elementor-widget-image\" data-id=\"a25c6b7\" data-element_type=\"widget\" data-e-type=\"widget\" data-widget_type=\"image.default\">\n\t\t\t\t\t\t\t\t\t\t\t\t\t\t\t<img decoding=\"async\" src=\"https:\/\/barkaia.com\/wp-content\/uploads\/elementor\/thumbs\/3-1-rhzjwx4udn8bq98ok5hg0hyrk7szkyu4fhhnwdb734.jpeg\" title=\"3 (1)\" alt=\"3 (1)\" loading=\"lazy\" \/>\t\t\t\t\t\t\t\t\t\t\t\t\t\t\t<\/div>\n\t\t\t\t<\/div>\n\t\t\t\t\t<\/div>\n\t\t\t\t<\/div>\n\t\t<div class=\"elementor-element elementor-element-f919378 e-flex e-con-boxed e-con e-parent\" data-id=\"f919378\" data-element_type=\"container\" data-e-type=\"container\" data-settings=\"{&quot;background_background&quot;:&quot;classic&quot;}\">\n\t\t\t\t\t<div class=\"e-con-inner\">\n\t\t\t\t<div class=\"elementor-element elementor-element-5daccf6 elementor-widget elementor-widget-heading\" data-id=\"5daccf6\" data-element_type=\"widget\" data-e-type=\"widget\" data-widget_type=\"heading.default\">\n\t\t\t\t\t<h3 class=\"elementor-heading-title elementor-size-default\">Discover everything we have for you<\/h3>\t\t\t\t<\/div>\n\t\t\t\t<div class=\"elementor-element elementor-element-0000b2a elementor-align-center elementor-widget elementor-widget-button\" data-id=\"0000b2a\" data-element_type=\"widget\" data-e-type=\"widget\" data-widget_type=\"button.default\">\n\t\t\t\t\t\t\t\t\t\t<a class=\"elementor-button elementor-button-link elementor-size-sm\" href=\"\/en\/servicios\/\" id=\"\/servicios\">\n\t\t\t\t\t\t<span class=\"elementor-button-content-wrapper\">\n\t\t\t\t\t\t\t\t\t<span class=\"elementor-button-text\">See services<\/span>\n\t\t\t\t\t<\/span>\n\t\t\t\t\t<\/a>\n\t\t\t\t\t\t\t\t<\/div>\n\t\t\t\t\t<\/div>\n\t\t\t\t<\/div>\n\t\t\t\t<\/div>","protected":false},"excerpt":{"rendered":"<p>BAR KAIA Sobre nosotros Hace aproximadamente 12 a\u00f1os naci\u00f3 nuestra empresa con la pasi\u00f3n de ofrecer un espacio donde la buena comida y la bebida se disfrutan en cada momento. Durante los \u00faltimos 2 a\u00f1os, hemos mantenido una l\u00ednea clara y constante, perfeccionando nuestra propuesta para que cada visita sea una experiencia \u00fanica. En nuestro [&hellip;]<\/p>\n","protected":false},"author":1,"featured_media":0,"parent":0,"menu_order":0,"comment_status":"closed","ping_status":"closed","template":"elementor_canvas","meta":{"footnotes":""},"class_list":["post-2","page","type-page","status-publish","hentry"],"yoast_head":"<!-- This site is optimized with the Yoast SEO plugin v27.3 - https:\/\/yoast.com\/product\/yoast-seo-wordpress\/ -->\n<title>Inicio - BAR KAIA<\/title>\n<meta name=\"robots\" content=\"index, follow, max-snippet:-1, max-image-preview:large, max-video-preview:-1\" \/>\n<link rel=\"canonical\" href=\"https:\/\/barkaia.com\/en\/\" \/>\n<meta property=\"og:locale\" content=\"en_US\" \/>\n<meta property=\"og:type\" content=\"article\" \/>\n<meta property=\"og:title\" content=\"Inicio - BAR KAIA\" \/>\n<meta property=\"og:description\" content=\"BAR KAIA Sobre nosotros Hace aproximadamente 12 a\u00f1os naci\u00f3 nuestra empresa con la pasi\u00f3n de ofrecer un espacio donde la buena comida y la bebida se disfrutan en cada momento. Durante los \u00faltimos 2 a\u00f1os, hemos mantenido una l\u00ednea clara y constante, perfeccionando nuestra propuesta para que cada visita sea una experiencia \u00fanica. En nuestro [&hellip;]\" \/>\n<meta property=\"og:url\" content=\"https:\/\/barkaia.com\/en\/\" \/>\n<meta property=\"og:site_name\" content=\"BAR KAIA\" \/>\n<meta property=\"article:modified_time\" content=\"2026-04-09T08:25:20+00:00\" \/>\n<meta property=\"og:image\" content=\"https:\/\/barkaia.com\/wp-content\/uploads\/elementor\/thumbs\/3-1-rhzjwx4udn8bq98ok5hg0hyrk7szkyu4fhhnwdb734.jpeg\" \/>\n<meta name=\"twitter:card\" content=\"summary_large_image\" \/>\n<meta name=\"twitter:label1\" content=\"Est. reading time\" \/>\n\t<meta name=\"twitter:data1\" content=\"1 minute\" \/>\n<script type=\"application\/ld+json\" class=\"yoast-schema-graph\">{\"@context\":\"https:\\\/\\\/schema.org\",\"@graph\":[{\"@type\":\"WebPage\",\"@id\":\"https:\\\/\\\/barkaia.com\\\/\",\"url\":\"https:\\\/\\\/barkaia.com\\\/\",\"name\":\"Inicio - BAR KAIA\",\"isPartOf\":{\"@id\":\"https:\\\/\\\/barkaia.com\\\/#website\"},\"primaryImageOfPage\":{\"@id\":\"https:\\\/\\\/barkaia.com\\\/#primaryimage\"},\"image\":{\"@id\":\"https:\\\/\\\/barkaia.com\\\/#primaryimage\"},\"thumbnailUrl\":\"https:\\\/\\\/barkaia.com\\\/wp-content\\\/uploads\\\/elementor\\\/thumbs\\\/3-1-rhzjwx4udn8bq98ok5hg0hyrk7szkyu4fhhnwdb734.jpeg\",\"datePublished\":\"2026-01-21T08:28:11+00:00\",\"dateModified\":\"2026-04-09T08:25:20+00:00\",\"breadcrumb\":{\"@id\":\"https:\\\/\\\/barkaia.com\\\/#breadcrumb\"},\"inLanguage\":\"en-US\",\"potentialAction\":[{\"@type\":\"ReadAction\",\"target\":[\"https:\\\/\\\/barkaia.com\\\/\"]}]},{\"@type\":\"ImageObject\",\"inLanguage\":\"en-US\",\"@id\":\"https:\\\/\\\/barkaia.com\\\/#primaryimage\",\"url\":\"https:\\\/\\\/barkaia.com\\\/wp-content\\\/uploads\\\/elementor\\\/thumbs\\\/3-1-rhzjwx4udn8bq98ok5hg0hyrk7szkyu4fhhnwdb734.jpeg\",\"contentUrl\":\"https:\\\/\\\/barkaia.com\\\/wp-content\\\/uploads\\\/elementor\\\/thumbs\\\/3-1-rhzjwx4udn8bq98ok5hg0hyrk7szkyu4fhhnwdb734.jpeg\"},{\"@type\":\"BreadcrumbList\",\"@id\":\"https:\\\/\\\/barkaia.com\\\/#breadcrumb\",\"itemListElement\":[{\"@type\":\"ListItem\",\"position\":1,\"name\":\"Portada\",\"item\":\"https:\\\/\\\/barkaia.com\\\/\"},{\"@type\":\"ListItem\",\"position\":2,\"name\":\"Inicio\"}]},{\"@type\":\"WebSite\",\"@id\":\"https:\\\/\\\/barkaia.com\\\/#website\",\"url\":\"https:\\\/\\\/barkaia.com\\\/\",\"name\":\"BAR KAIA\",\"description\":\"\",\"publisher\":{\"@id\":\"https:\\\/\\\/barkaia.com\\\/#organization\"},\"potentialAction\":[{\"@type\":\"SearchAction\",\"target\":{\"@type\":\"EntryPoint\",\"urlTemplate\":\"https:\\\/\\\/barkaia.com\\\/?s={search_term_string}\"},\"query-input\":{\"@type\":\"PropertyValueSpecification\",\"valueRequired\":true,\"valueName\":\"search_term_string\"}}],\"inLanguage\":\"en-US\"},{\"@type\":\"Organization\",\"@id\":\"https:\\\/\\\/barkaia.com\\\/#organization\",\"name\":\"BAR KAIA\",\"url\":\"https:\\\/\\\/barkaia.com\\\/\",\"logo\":{\"@type\":\"ImageObject\",\"inLanguage\":\"en-US\",\"@id\":\"https:\\\/\\\/barkaia.com\\\/#\\\/schema\\\/logo\\\/image\\\/\",\"url\":\"https:\\\/\\\/barkaia.com\\\/wp-content\\\/uploads\\\/2026\\\/01\\\/kaialekeitio202504_logo_web.png\",\"contentUrl\":\"https:\\\/\\\/barkaia.com\\\/wp-content\\\/uploads\\\/2026\\\/01\\\/kaialekeitio202504_logo_web.png\",\"width\":1080,\"height\":1080,\"caption\":\"BAR KAIA\"},\"image\":{\"@id\":\"https:\\\/\\\/barkaia.com\\\/#\\\/schema\\\/logo\\\/image\\\/\"}}]}<\/script>\n<!-- \/ Yoast SEO plugin. -->","yoast_head_json":{"title":"Inicio - BAR KAIA","robots":{"index":"index","follow":"follow","max-snippet":"max-snippet:-1","max-image-preview":"max-image-preview:large","max-video-preview":"max-video-preview:-1"},"canonical":"https:\/\/barkaia.com\/en\/","og_locale":"en_US","og_type":"article","og_title":"Inicio - BAR KAIA","og_description":"BAR KAIA Sobre nosotros Hace aproximadamente 12 a\u00f1os naci\u00f3 nuestra empresa con la pasi\u00f3n de ofrecer un espacio donde la buena comida y la bebida se disfrutan en cada momento. Durante los \u00faltimos 2 a\u00f1os, hemos mantenido una l\u00ednea clara y constante, perfeccionando nuestra propuesta para que cada visita sea una experiencia \u00fanica. En nuestro [&hellip;]","og_url":"https:\/\/barkaia.com\/en\/","og_site_name":"BAR KAIA","article_modified_time":"2026-04-09T08:25:20+00:00","og_image":[{"url":"https:\/\/barkaia.com\/wp-content\/uploads\/elementor\/thumbs\/3-1-rhzjwx4udn8bq98ok5hg0hyrk7szkyu4fhhnwdb734.jpeg","type":"","width":"","height":""}],"twitter_card":"summary_large_image","twitter_misc":{"Est. reading time":"1 minute"},"schema":{"@context":"https:\/\/schema.org","@graph":[{"@type":"WebPage","@id":"https:\/\/barkaia.com\/","url":"https:\/\/barkaia.com\/","name":"Inicio - BAR KAIA","isPartOf":{"@id":"https:\/\/barkaia.com\/#website"},"primaryImageOfPage":{"@id":"https:\/\/barkaia.com\/#primaryimage"},"image":{"@id":"https:\/\/barkaia.com\/#primaryimage"},"thumbnailUrl":"https:\/\/barkaia.com\/wp-content\/uploads\/elementor\/thumbs\/3-1-rhzjwx4udn8bq98ok5hg0hyrk7szkyu4fhhnwdb734.jpeg","datePublished":"2026-01-21T08:28:11+00:00","dateModified":"2026-04-09T08:25:20+00:00","breadcrumb":{"@id":"https:\/\/barkaia.com\/#breadcrumb"},"inLanguage":"en-US","potentialAction":[{"@type":"ReadAction","target":["https:\/\/barkaia.com\/"]}]},{"@type":"ImageObject","inLanguage":"en-US","@id":"https:\/\/barkaia.com\/#primaryimage","url":"https:\/\/barkaia.com\/wp-content\/uploads\/elementor\/thumbs\/3-1-rhzjwx4udn8bq98ok5hg0hyrk7szkyu4fhhnwdb734.jpeg","contentUrl":"https:\/\/barkaia.com\/wp-content\/uploads\/elementor\/thumbs\/3-1-rhzjwx4udn8bq98ok5hg0hyrk7szkyu4fhhnwdb734.jpeg"},{"@type":"BreadcrumbList","@id":"https:\/\/barkaia.com\/#breadcrumb","itemListElement":[{"@type":"ListItem","position":1,"name":"Portada","item":"https:\/\/barkaia.com\/"},{"@type":"ListItem","position":2,"name":"Inicio"}]},{"@type":"WebSite","@id":"https:\/\/barkaia.com\/#website","url":"https:\/\/barkaia.com\/","name":"BAR KAIA","description":"","publisher":{"@id":"https:\/\/barkaia.com\/#organization"},"potentialAction":[{"@type":"SearchAction","target":{"@type":"EntryPoint","urlTemplate":"https:\/\/barkaia.com\/?s={search_term_string}"},"query-input":{"@type":"PropertyValueSpecification","valueRequired":true,"valueName":"search_term_string"}}],"inLanguage":"en-US"},{"@type":"Organization","@id":"https:\/\/barkaia.com\/#organization","name":"BAR KAIA","url":"https:\/\/barkaia.com\/","logo":{"@type":"ImageObject","inLanguage":"en-US","@id":"https:\/\/barkaia.com\/#\/schema\/logo\/image\/","url":"https:\/\/barkaia.com\/wp-content\/uploads\/2026\/01\/kaialekeitio202504_logo_web.png","contentUrl":"https:\/\/barkaia.com\/wp-content\/uploads\/2026\/01\/kaialekeitio202504_logo_web.png","width":1080,"height":1080,"caption":"BAR KAIA"},"image":{"@id":"https:\/\/barkaia.com\/#\/schema\/logo\/image\/"}}]}},"_links":{"self":[{"href":"https:\/\/barkaia.com\/en\/wp-json\/wp\/v2\/pages\/2","targetHints":{"allow":["GET"]}}],"collection":[{"href":"https:\/\/barkaia.com\/en\/wp-json\/wp\/v2\/pages"}],"about":[{"href":"https:\/\/barkaia.com\/en\/wp-json\/wp\/v2\/types\/page"}],"author":[{"embeddable":true,"href":"https:\/\/barkaia.com\/en\/wp-json\/wp\/v2\/users\/1"}],"replies":[{"embeddable":true,"href":"https:\/\/barkaia.com\/en\/wp-json\/wp\/v2\/comments?post=2"}],"version-history":[{"count":55,"href":"https:\/\/barkaia.com\/en\/wp-json\/wp\/v2\/pages\/2\/revisions"}],"predecessor-version":[{"id":348,"href":"https:\/\/barkaia.com\/en\/wp-json\/wp\/v2\/pages\/2\/revisions\/348"}],"wp:attachment":[{"href":"https:\/\/barkaia.com\/en\/wp-json\/wp\/v2\/media?parent=2"}],"curies":[{"name":"wp","href":"https:\/\/api.w.org\/{rel}","templated":true}]}}