{"id":16,"date":"2026-01-21T08:52:10","date_gmt":"2026-01-21T08:52:10","guid":{"rendered":"https:\/\/barkaia.com.rkinformatika.online\/?page_id=16"},"modified":"2026-04-09T08:26:24","modified_gmt":"2026-04-09T08:26:24","slug":"servicios","status":"publish","type":"page","link":"https:\/\/barkaia.com\/en\/servicios\/","title":{"rendered":"Services"},"content":{"rendered":"<div data-elementor-type=\"wp-page\" data-elementor-id=\"16\" class=\"elementor elementor-16\" data-elementor-post-type=\"page\">\n\t\t\t\t<div class=\"elementor-element elementor-element-c09ac26 e-flex e-con-boxed e-con e-parent\" data-id=\"c09ac26\" data-element_type=\"container\" data-e-type=\"container\" data-settings=\"{&quot;background_background&quot;:&quot;classic&quot;}\">\n\t\t\t\t\t<div class=\"e-con-inner\">\n\t\t\t\t<div class=\"elementor-element elementor-element-c1c769a elementor-widget elementor-widget-heading\" data-id=\"c1c769a\" data-element_type=\"widget\" data-e-type=\"widget\" data-widget_type=\"heading.default\">\n\t\t\t\t\t<h1 class=\"elementor-heading-title elementor-size-default\">No te pierdas lo que tenemos preparado para ti<\/h1>\t\t\t\t<\/div>\n\t\t\t\t\t<\/div>\n\t\t\t\t<\/div>\n\t\t<div class=\"elementor-element elementor-element-c2b2e6b e-flex e-con-boxed e-con e-parent\" data-id=\"c2b2e6b\" data-element_type=\"container\" data-e-type=\"container\" data-settings=\"{&quot;background_background&quot;:&quot;classic&quot;}\">\n\t\t\t\t\t<div class=\"e-con-inner\">\n\t\t\t\t<div class=\"elementor-element elementor-element-4b36854 elementor-widget elementor-widget-heading\" data-id=\"4b36854\" data-element_type=\"widget\" data-e-type=\"widget\" data-widget_type=\"heading.default\">\n\t\t\t\t\t<h2 class=\"elementor-heading-title elementor-size-default\">Nuestros servicios<\/h2>\t\t\t\t<\/div>\n\t\t\t\t\t<\/div>\n\t\t\t\t<\/div>\n\t\t<div class=\"elementor-element elementor-element-c9c9108 e-flex e-con-boxed e-con e-parent\" data-id=\"c9c9108\" data-element_type=\"container\" data-e-type=\"container\">\n\t\t\t\t\t<div class=\"e-con-inner\">\n\t\t<div class=\"elementor-element elementor-element-10d9f34 e-con-full e-flex e-con e-child\" data-id=\"10d9f34\" data-element_type=\"container\" data-e-type=\"container\" data-settings=\"{&quot;background_background&quot;:&quot;classic&quot;}\">\n\t\t\t\t<div class=\"elementor-element elementor-element-a1ddd6e elementor-cta--valign-top elementor-cta--skin-classic elementor-animated-content elementor-bg-transform elementor-bg-transform-zoom-in elementor-widget elementor-widget-call-to-action\" data-id=\"a1ddd6e\" data-element_type=\"widget\" data-e-type=\"widget\" data-widget_type=\"call-to-action.default\">\n\t\t\t\t\t\t\t<div class=\"elementor-cta\">\n\t\t\t\t\t<div class=\"elementor-cta__bg-wrapper\">\n\t\t\t\t<div class=\"elementor-cta__bg elementor-bg\" style=\"background-image: url(https:\/\/barkaia.com\/wp-content\/uploads\/2026\/01\/close-up-avocado-toast-plate-scaled.jpg);\" role=\"img\" aria-label=\"close-up-avocado-toast-plate\"><\/div>\n\t\t\t\t<div class=\"elementor-cta__bg-overlay\"><\/div>\n\t\t\t<\/div>\n\t\t\t\t\t\t\t<div class=\"elementor-cta__content\">\n\t\t\t\t\n\t\t\t\t\t\t\t\t\t<h2 class=\"elementor-cta__title elementor-cta__content-item elementor-content-item\">\n\t\t\t\t\t\tTostadas\t\t\t\t\t<\/h2>\n\t\t\t\t\n\t\t\t\t\n\t\t\t\t\t\t\t<\/div>\n\t\t\t\t\t\t<\/div>\n\t\t\t\t\t\t<\/div>\n\t\t\t\t<div class=\"elementor-element elementor-element-81c1ae6 elementor-cta--valign-top elementor-cta--skin-classic elementor-animated-content elementor-bg-transform elementor-bg-transform-zoom-in elementor-widget elementor-widget-call-to-action\" data-id=\"81c1ae6\" data-element_type=\"widget\" data-e-type=\"widget\" data-widget_type=\"call-to-action.default\">\n\t\t\t\t\t\t\t<div class=\"elementor-cta\">\n\t\t\t\t\t\t\t<div class=\"elementor-cta__content\">\n\t\t\t\t\n\t\t\t\t\n\t\t\t\t\t\t\t\t\t<div class=\"elementor-cta__description elementor-cta__content-item elementor-content-item\">\n\t\t\t\t\t\tPANES: \nTrigo blanco (normal)\n\u2013 Integral\n\u2013 Centeno\n\u2013 Cereales\n\u2013 Pasas y nueces\n\u2013 Sin gluten\n\u2013 Croissant plancha (mantequilla- mermelada)\t\t\t\t\t<\/div>\n\t\t\t\t\n\t\t\t\t\t\t\t<\/div>\n\t\t\t\t\t\t<\/div>\n\t\t\t\t\t\t<\/div>\n\t\t\t\t<div class=\"elementor-element elementor-element-3876843 elementor-cta--valign-top elementor-cta--skin-classic elementor-animated-content elementor-bg-transform elementor-bg-transform-zoom-in elementor-widget elementor-widget-call-to-action\" data-id=\"3876843\" data-element_type=\"widget\" data-e-type=\"widget\" data-widget_type=\"call-to-action.default\">\n\t\t\t\t\t\t\t<div class=\"elementor-cta\">\n\t\t\t\t\t\t\t<div class=\"elementor-cta__content\">\n\t\t\t\t\n\t\t\t\t\n\t\t\t\t\t\t\t\t\t<div class=\"elementor-cta__description elementor-cta__content-item elementor-content-item\">\n\t\t\t\t\t\tACOMPA\u00d1AMIENTOS: \nMantequilla - mermelada\n\u2013 Aceite oliva\n\u2013 Tomate rayado\n\u2013 Guacamole\n\u2013 Jam\u00f3n\n(comb\u00ednala a tu gusto)\t\t\t\t\t<\/div>\n\t\t\t\t\n\t\t\t\t\t\t\t<\/div>\n\t\t\t\t\t\t<\/div>\n\t\t\t\t\t\t<\/div>\n\t\t\t\t<div class=\"elementor-element elementor-element-d8eab8c elementor-cta--valign-top elementor-cta--skin-classic elementor-animated-content elementor-bg-transform elementor-bg-transform-zoom-in elementor-widget elementor-widget-call-to-action\" data-id=\"d8eab8c\" data-element_type=\"widget\" data-e-type=\"widget\" data-widget_type=\"call-to-action.default\">\n\t\t\t\t\t\t\t<div class=\"elementor-cta\">\n\t\t\t\t\t\t\t<div class=\"elementor-cta__content\">\n\t\t\t\t\n\t\t\t\t\n\t\t\t\t\t\t\t\t\t<div class=\"elementor-cta__description elementor-cta__content-item elementor-content-item\">\n\t\t\t\t\t\tZUMOS NATURALES: \n1.- Naranja\n2.-  Naranja - zanahoria - manzana.\n3.- Naranja - zanahoria - manzana -\nremolacha (vitamina Roja)\n(comb\u00ednalo a tu gusto)\t\t\t\t\t<\/div>\n\t\t\t\t\n\t\t\t\t\t\t\t<\/div>\n\t\t\t\t\t\t<\/div>\n\t\t\t\t\t\t<\/div>\n\t\t\t\t<\/div>\n\t\t<div class=\"elementor-element elementor-element-cac8f7f e-con-full e-flex e-con e-child\" data-id=\"cac8f7f\" data-element_type=\"container\" data-e-type=\"container\" data-settings=\"{&quot;background_background&quot;:&quot;classic&quot;}\">\n\t\t\t\t<div class=\"elementor-element elementor-element-cfcc632 elementor-cta--valign-top elementor-cta--skin-classic elementor-animated-content elementor-bg-transform elementor-bg-transform-zoom-in elementor-widget elementor-widget-call-to-action\" data-id=\"cfcc632\" data-element_type=\"widget\" data-e-type=\"widget\" data-widget_type=\"call-to-action.default\">\n\t\t\t\t\t\t\t<div class=\"elementor-cta\">\n\t\t\t\t\t<div class=\"elementor-cta__bg-wrapper\">\n\t\t\t\t<div class=\"elementor-cta__bg elementor-bg\" style=\"background-image: url(https:\/\/barkaia.com\/wp-content\/uploads\/2026\/01\/2148516637.jpg);\" role=\"img\" aria-label=\"2148516637\"><\/div>\n\t\t\t\t<div class=\"elementor-cta__bg-overlay\"><\/div>\n\t\t\t<\/div>\n\t\t\t\t\t\t\t<div class=\"elementor-cta__content\">\n\t\t\t\t\n\t\t\t\t\t\t\t\t\t<h2 class=\"elementor-cta__title elementor-cta__content-item elementor-content-item\">\n\t\t\t\t\t\tDesayunos\t\t\t\t\t<\/h2>\n\t\t\t\t\n\t\t\t\t\t\t\t\t\t<div class=\"elementor-cta__description elementor-cta__content-item elementor-content-item\">\n\t\t\t\t\t\tComienza el d\u00eda con energ\u00eda: tostadas reci\u00e9n hechas, boller\u00eda casera y caf\u00e9s que despiertan todos los sentidos\t\t\t\t\t<\/div>\n\t\t\t\t\n\t\t\t\t\t\t\t<\/div>\n\t\t\t\t\t\t<\/div>\n\t\t\t\t\t\t<\/div>\n\t\t\t\t<div class=\"elementor-element elementor-element-a5ecfa0 elementor-cta--skin-classic elementor-animated-content elementor-bg-transform elementor-bg-transform-zoom-in elementor-widget elementor-widget-call-to-action\" data-id=\"a5ecfa0\" data-element_type=\"widget\" data-e-type=\"widget\" data-widget_type=\"call-to-action.default\">\n\t\t\t\t\t\t\t<div class=\"elementor-cta\">\n\t\t\t\t\t<div class=\"elementor-cta__bg-wrapper\">\n\t\t\t\t<div class=\"elementor-cta__bg elementor-bg\" style=\"background-image: url(https:\/\/barkaia.com\/wp-content\/uploads\/2026\/01\/35883.jpg);\" role=\"img\" aria-label=\"35883\"><\/div>\n\t\t\t\t<div class=\"elementor-cta__bg-overlay\"><\/div>\n\t\t\t<\/div>\n\t\t\t\t\t\t\t<div class=\"elementor-cta__content\">\n\t\t\t\t\n\t\t\t\t\t\t\t\t\t<h2 class=\"elementor-cta__title elementor-cta__content-item elementor-content-item\">\n\t\t\t\t\t\tPintxos\t\t\t\t\t<\/h2>\n\t\t\t\t\n\t\t\t\t\t\t\t\t\t<div class=\"elementor-cta__description elementor-cta__content-item elementor-content-item\">\n\t\t\t\t\t\tPeque\u00f1os bocados llenos de sabor, ideales para picar mientras disfrutas de la buena compa\u00f1\u00eda y la mejor m\u00fasica\t\t\t\t\t<\/div>\n\t\t\t\t\n\t\t\t\t\t\t\t<\/div>\n\t\t\t\t\t\t<\/div>\n\t\t\t\t\t\t<\/div>\n\t\t\t\t<\/div>\n\t\t<div class=\"elementor-element elementor-element-77ff300 e-con-full e-flex e-con e-child\" data-id=\"77ff300\" data-element_type=\"container\" data-e-type=\"container\" data-settings=\"{&quot;background_background&quot;:&quot;classic&quot;}\">\n\t\t\t\t<div class=\"elementor-element elementor-element-8a93a5c elementor-cta--skin-classic elementor-animated-content elementor-bg-transform elementor-bg-transform-zoom-in elementor-widget elementor-widget-call-to-action\" data-id=\"8a93a5c\" data-element_type=\"widget\" data-e-type=\"widget\" data-widget_type=\"call-to-action.default\">\n\t\t\t\t\t\t\t<div class=\"elementor-cta\">\n\t\t\t\t\t<div class=\"elementor-cta__bg-wrapper\">\n\t\t\t\t<div class=\"elementor-cta__bg elementor-bg\" style=\"background-image: url(https:\/\/barkaia.com\/wp-content\/uploads\/2026\/01\/36649.jpg);\" role=\"img\" aria-label=\"36649\"><\/div>\n\t\t\t\t<div class=\"elementor-cta__bg-overlay\"><\/div>\n\t\t\t<\/div>\n\t\t\t\t\t\t\t<div class=\"elementor-cta__content\">\n\t\t\t\t\n\t\t\t\t\t\t\t\t\t<h2 class=\"elementor-cta__title elementor-cta__content-item elementor-content-item\">\n\t\t\t\t\t\tCaf\u00e9s \t\t\t\t\t<\/h2>\n\t\t\t\t\n\t\t\t\t\t\t\t\t\t<div class=\"elementor-cta__description elementor-cta__content-item elementor-content-item\">\n\t\t\t\t\t\tCaf\u00e9 reci\u00e9n molido, espresso intenso o tu favorito con leche: el acompa\u00f1ante perfecto para cualquier momento del d\u00eda\t\t\t\t\t<\/div>\n\t\t\t\t\n\t\t\t\t\t\t\t<\/div>\n\t\t\t\t\t\t<\/div>\n\t\t\t\t\t\t<\/div>\n\t\t\t\t<\/div>\n\t\t<div class=\"elementor-element elementor-element-d0ecde5 e-con-full e-flex e-con e-child\" data-id=\"d0ecde5\" data-element_type=\"container\" data-e-type=\"container\" data-settings=\"{&quot;background_background&quot;:&quot;classic&quot;}\">\n\t\t\t\t<div class=\"elementor-element elementor-element-91fbb99 elementor-cta--skin-classic elementor-animated-content elementor-bg-transform elementor-bg-transform-zoom-in elementor-widget elementor-widget-call-to-action\" data-id=\"91fbb99\" data-element_type=\"widget\" data-e-type=\"widget\" data-widget_type=\"call-to-action.default\">\n\t\t\t\t\t\t\t<div class=\"elementor-cta\">\n\t\t\t\t\t<div class=\"elementor-cta__bg-wrapper\">\n\t\t\t\t<div class=\"elementor-cta__bg elementor-bg\" style=\"background-image: url(https:\/\/barkaia.com\/wp-content\/uploads\/2026\/01\/1065.jpg);\" role=\"img\" aria-label=\"1065\"><\/div>\n\t\t\t\t<div class=\"elementor-cta__bg-overlay\"><\/div>\n\t\t\t<\/div>\n\t\t\t\t\t\t\t<div class=\"elementor-cta__content\">\n\t\t\t\t\n\t\t\t\t\t\t\t\t\t<h2 class=\"elementor-cta__title elementor-cta__content-item elementor-content-item\">\n\t\t\t\t\t\tCopas\t\t\t\t\t<\/h2>\n\t\t\t\t\n\t\t\t\t\t\t\t\t\t<div class=\"elementor-cta__description elementor-cta__content-item elementor-content-item\">\n\t\t\t\t\t\tDisfruta de la noche con nuestros c\u00f3cteles y combinados \u00fanicos, perfectos para compartir o celebrar\t\t\t\t\t<\/div>\n\t\t\t\t\n\t\t\t\t\t\t\t<\/div>\n\t\t\t\t\t\t<\/div>\n\t\t\t\t\t\t<\/div>\n\t\t\t\t<\/div>\n\t\t\t\t\t<\/div>\n\t\t\t\t<\/div>\n\t\t<div class=\"elementor-element elementor-element-a5f0137 e-flex e-con-boxed e-con e-parent\" data-id=\"a5f0137\" data-element_type=\"container\" data-e-type=\"container\" data-settings=\"{&quot;background_background&quot;:&quot;classic&quot;}\">\n\t\t\t\t\t<div class=\"e-con-inner\">\n\t\t\t\t<div class=\"elementor-element elementor-element-0139b76 elementor-widget elementor-widget-heading\" data-id=\"0139b76\" data-element_type=\"widget\" data-e-type=\"widget\" data-widget_type=\"heading.default\">\n\t\t\t\t\t<h3 class=\"elementor-heading-title elementor-size-default\">Estamos listos para escucharte<\/h3>\t\t\t\t<\/div>\n\t\t\t\t<div class=\"elementor-element elementor-element-2289ee8 elementor-align-center elementor-widget elementor-widget-button\" data-id=\"2289ee8\" data-element_type=\"widget\" data-e-type=\"widget\" data-widget_type=\"button.default\">\n\t\t\t\t\t\t\t\t\t\t<a class=\"elementor-button elementor-button-link elementor-size-sm\" href=\"\/en\/contacto\/\">\n\t\t\t\t\t\t<span class=\"elementor-button-content-wrapper\">\n\t\t\t\t\t\t\t\t\t<span class=\"elementor-button-text\">Cont\u00e1ctanos<\/span>\n\t\t\t\t\t<\/span>\n\t\t\t\t\t<\/a>\n\t\t\t\t\t\t\t\t<\/div>\n\t\t\t\t\t<\/div>\n\t\t\t\t<\/div>\n\t\t\t\t<\/div>","protected":false},"excerpt":{"rendered":"<p>No te pierdas lo que tenemos preparado para ti Nuestros servicios Tostadas PANES: Trigo blanco (normal) \u2013 Integral \u2013 Centeno \u2013 Cereales \u2013 Pasas y nueces \u2013 Sin gluten \u2013 Croissant plancha (mantequilla- mermelada) ACOMPA\u00d1AMIENTOS: Mantequilla &#8211; mermelada \u2013 Aceite oliva \u2013 Tomate rayado \u2013 Guacamole \u2013 Jam\u00f3n (comb\u00ednala a tu gusto) ZUMOS NATURALES: 1.- [&hellip;]<\/p>\n","protected":false},"author":1,"featured_media":0,"parent":0,"menu_order":0,"comment_status":"closed","ping_status":"closed","template":"elementor_canvas","meta":{"footnotes":""},"class_list":["post-16","page","type-page","status-publish","hentry"],"yoast_head":"<!-- This site is optimized with the Yoast SEO plugin v27.3 - https:\/\/yoast.com\/product\/yoast-seo-wordpress\/ -->\n<title>Servicios - BAR KAIA<\/title>\n<meta name=\"robots\" content=\"index, follow, max-snippet:-1, max-image-preview:large, max-video-preview:-1\" \/>\n<link rel=\"canonical\" href=\"https:\/\/barkaia.com\/en\/servicios\/\" \/>\n<meta property=\"og:locale\" content=\"en_US\" \/>\n<meta property=\"og:type\" content=\"article\" \/>\n<meta property=\"og:title\" content=\"Servicios - BAR KAIA\" \/>\n<meta property=\"og:description\" content=\"No te pierdas lo que tenemos preparado para ti Nuestros servicios Tostadas PANES: Trigo blanco (normal) \u2013 Integral \u2013 Centeno \u2013 Cereales \u2013 Pasas y nueces \u2013 Sin gluten \u2013 Croissant plancha (mantequilla- mermelada) ACOMPA\u00d1AMIENTOS: Mantequilla &#8211; mermelada \u2013 Aceite oliva \u2013 Tomate rayado \u2013 Guacamole \u2013 Jam\u00f3n (comb\u00ednala a tu gusto) ZUMOS NATURALES: 1.- [&hellip;]\" \/>\n<meta property=\"og:url\" content=\"https:\/\/barkaia.com\/en\/servicios\/\" \/>\n<meta property=\"og:site_name\" content=\"BAR KAIA\" \/>\n<meta property=\"article:modified_time\" content=\"2026-04-09T08:26:24+00:00\" \/>\n<meta name=\"twitter:card\" content=\"summary_large_image\" \/>\n<meta name=\"twitter:label1\" content=\"Est. reading time\" \/>\n\t<meta name=\"twitter:data1\" content=\"1 minute\" \/>\n<script type=\"application\/ld+json\" class=\"yoast-schema-graph\">{\"@context\":\"https:\\\/\\\/schema.org\",\"@graph\":[{\"@type\":\"WebPage\",\"@id\":\"https:\\\/\\\/barkaia.com\\\/servicios\\\/\",\"url\":\"https:\\\/\\\/barkaia.com\\\/servicios\\\/\",\"name\":\"Servicios - BAR KAIA\",\"isPartOf\":{\"@id\":\"https:\\\/\\\/barkaia.com\\\/#website\"},\"datePublished\":\"2026-01-21T08:52:10+00:00\",\"dateModified\":\"2026-04-09T08:26:24+00:00\",\"breadcrumb\":{\"@id\":\"https:\\\/\\\/barkaia.com\\\/servicios\\\/#breadcrumb\"},\"inLanguage\":\"en-US\",\"potentialAction\":[{\"@type\":\"ReadAction\",\"target\":[\"https:\\\/\\\/barkaia.com\\\/servicios\\\/\"]}]},{\"@type\":\"BreadcrumbList\",\"@id\":\"https:\\\/\\\/barkaia.com\\\/servicios\\\/#breadcrumb\",\"itemListElement\":[{\"@type\":\"ListItem\",\"position\":1,\"name\":\"Portada\",\"item\":\"https:\\\/\\\/barkaia.com\\\/\"},{\"@type\":\"ListItem\",\"position\":2,\"name\":\"Servicios\"}]},{\"@type\":\"WebSite\",\"@id\":\"https:\\\/\\\/barkaia.com\\\/#website\",\"url\":\"https:\\\/\\\/barkaia.com\\\/\",\"name\":\"BAR KAIA\",\"description\":\"\",\"publisher\":{\"@id\":\"https:\\\/\\\/barkaia.com\\\/#organization\"},\"potentialAction\":[{\"@type\":\"SearchAction\",\"target\":{\"@type\":\"EntryPoint\",\"urlTemplate\":\"https:\\\/\\\/barkaia.com\\\/?s={search_term_string}\"},\"query-input\":{\"@type\":\"PropertyValueSpecification\",\"valueRequired\":true,\"valueName\":\"search_term_string\"}}],\"inLanguage\":\"en-US\"},{\"@type\":\"Organization\",\"@id\":\"https:\\\/\\\/barkaia.com\\\/#organization\",\"name\":\"BAR KAIA\",\"url\":\"https:\\\/\\\/barkaia.com\\\/\",\"logo\":{\"@type\":\"ImageObject\",\"inLanguage\":\"en-US\",\"@id\":\"https:\\\/\\\/barkaia.com\\\/#\\\/schema\\\/logo\\\/image\\\/\",\"url\":\"https:\\\/\\\/barkaia.com\\\/wp-content\\\/uploads\\\/2026\\\/01\\\/kaialekeitio202504_logo_web.png\",\"contentUrl\":\"https:\\\/\\\/barkaia.com\\\/wp-content\\\/uploads\\\/2026\\\/01\\\/kaialekeitio202504_logo_web.png\",\"width\":1080,\"height\":1080,\"caption\":\"BAR KAIA\"},\"image\":{\"@id\":\"https:\\\/\\\/barkaia.com\\\/#\\\/schema\\\/logo\\\/image\\\/\"}}]}<\/script>\n<!-- \/ Yoast SEO plugin. -->","yoast_head_json":{"title":"Servicios - BAR KAIA","robots":{"index":"index","follow":"follow","max-snippet":"max-snippet:-1","max-image-preview":"max-image-preview:large","max-video-preview":"max-video-preview:-1"},"canonical":"https:\/\/barkaia.com\/en\/servicios\/","og_locale":"en_US","og_type":"article","og_title":"Servicios - BAR KAIA","og_description":"No te pierdas lo que tenemos preparado para ti Nuestros servicios Tostadas PANES: Trigo blanco (normal) \u2013 Integral \u2013 Centeno \u2013 Cereales \u2013 Pasas y nueces \u2013 Sin gluten \u2013 Croissant plancha (mantequilla- mermelada) ACOMPA\u00d1AMIENTOS: Mantequilla &#8211; mermelada \u2013 Aceite oliva \u2013 Tomate rayado \u2013 Guacamole \u2013 Jam\u00f3n (comb\u00ednala a tu gusto) ZUMOS NATURALES: 1.- [&hellip;]","og_url":"https:\/\/barkaia.com\/en\/servicios\/","og_site_name":"BAR KAIA","article_modified_time":"2026-04-09T08:26:24+00:00","twitter_card":"summary_large_image","twitter_misc":{"Est. reading time":"1 minute"},"schema":{"@context":"https:\/\/schema.org","@graph":[{"@type":"WebPage","@id":"https:\/\/barkaia.com\/servicios\/","url":"https:\/\/barkaia.com\/servicios\/","name":"Servicios - BAR KAIA","isPartOf":{"@id":"https:\/\/barkaia.com\/#website"},"datePublished":"2026-01-21T08:52:10+00:00","dateModified":"2026-04-09T08:26:24+00:00","breadcrumb":{"@id":"https:\/\/barkaia.com\/servicios\/#breadcrumb"},"inLanguage":"en-US","potentialAction":[{"@type":"ReadAction","target":["https:\/\/barkaia.com\/servicios\/"]}]},{"@type":"BreadcrumbList","@id":"https:\/\/barkaia.com\/servicios\/#breadcrumb","itemListElement":[{"@type":"ListItem","position":1,"name":"Portada","item":"https:\/\/barkaia.com\/"},{"@type":"ListItem","position":2,"name":"Servicios"}]},{"@type":"WebSite","@id":"https:\/\/barkaia.com\/#website","url":"https:\/\/barkaia.com\/","name":"BAR KAIA","description":"","publisher":{"@id":"https:\/\/barkaia.com\/#organization"},"potentialAction":[{"@type":"SearchAction","target":{"@type":"EntryPoint","urlTemplate":"https:\/\/barkaia.com\/?s={search_term_string}"},"query-input":{"@type":"PropertyValueSpecification","valueRequired":true,"valueName":"search_term_string"}}],"inLanguage":"en-US"},{"@type":"Organization","@id":"https:\/\/barkaia.com\/#organization","name":"BAR KAIA","url":"https:\/\/barkaia.com\/","logo":{"@type":"ImageObject","inLanguage":"en-US","@id":"https:\/\/barkaia.com\/#\/schema\/logo\/image\/","url":"https:\/\/barkaia.com\/wp-content\/uploads\/2026\/01\/kaialekeitio202504_logo_web.png","contentUrl":"https:\/\/barkaia.com\/wp-content\/uploads\/2026\/01\/kaialekeitio202504_logo_web.png","width":1080,"height":1080,"caption":"BAR KAIA"},"image":{"@id":"https:\/\/barkaia.com\/#\/schema\/logo\/image\/"}}]}},"_links":{"self":[{"href":"https:\/\/barkaia.com\/en\/wp-json\/wp\/v2\/pages\/16","targetHints":{"allow":["GET"]}}],"collection":[{"href":"https:\/\/barkaia.com\/en\/wp-json\/wp\/v2\/pages"}],"about":[{"href":"https:\/\/barkaia.com\/en\/wp-json\/wp\/v2\/types\/page"}],"author":[{"embeddable":true,"href":"https:\/\/barkaia.com\/en\/wp-json\/wp\/v2\/users\/1"}],"replies":[{"embeddable":true,"href":"https:\/\/barkaia.com\/en\/wp-json\/wp\/v2\/comments?post=16"}],"version-history":[{"count":88,"href":"https:\/\/barkaia.com\/en\/wp-json\/wp\/v2\/pages\/16\/revisions"}],"predecessor-version":[{"id":351,"href":"https:\/\/barkaia.com\/en\/wp-json\/wp\/v2\/pages\/16\/revisions\/351"}],"wp:attachment":[{"href":"https:\/\/barkaia.com\/en\/wp-json\/wp\/v2\/media?parent=16"}],"curies":[{"name":"wp","href":"https:\/\/api.w.org\/{rel}","templated":true}]}}